{"id":7652,"date":"2025-12-28T16:15:38","date_gmt":"2025-12-28T16:15:38","guid":{"rendered":"https:\/\/adswisslogistics.ch\/livraison-montage-demontage\/"},"modified":"2026-01-05T00:41:05","modified_gmt":"2026-01-05T00:41:05","slug":"lieferung-montage-demontage","status":"publish","type":"page","link":"https:\/\/adswisslogistics.ch\/de\/lieferung-montage-demontage\/","title":{"rendered":"Lieferung \/ montage \/ demontage"},"content":{"rendered":"\t\t<div data-elementor-type=\"wp-page\" data-elementor-id=\"7652\" class=\"elementor elementor-7652\">\n\t\t\t\t<div class=\"elementor-element elementor-element-44e880a8 e-flex e-con-boxed sc_layouts_column_icons_position_left e-con e-parent\" data-id=\"44e880a8\" data-element_type=\"container\" data-e-type=\"container\" data-settings=\"{&quot;background_background&quot;:&quot;classic&quot;}\">\n\t\t\t\t\t<div class=\"e-con-inner\">\n\t\t<div data-animation-type=\"block\" class=\"elementor-element elementor-element-2bc73a6 e-con-full e-flex sc_layouts_column_icons_position_left animation_type_block elementor-invisible e-con e-child\" data-id=\"2bc73a6\" data-element_type=\"container\" data-e-type=\"container\" data-settings=\"{&quot;animation&quot;:&quot;ta_fadeinup&quot;}\">\n\t\t\t\t<div class=\"elementor-element elementor-element-4abae6dd sc_fly_static elementor-widget elementor-widget-image\" data-id=\"4abae6dd\" data-element_type=\"widget\" data-e-type=\"widget\" data-widget_type=\"image.default\">\n\t\t\t\t\t\t\t\t\t\t\t\t\t\t\t<img decoding=\"async\" src=\"https:\/\/adswisslogistics.ch\/wp-content\/uploads\/elementor\/thumbs\/AD-Swiss-Logistic-48-rgv7kglc7yy7eci7hyg6zo1sfltax5yc4wg6hc9aro.jpeg\" title=\"AD Swiss Logistic 48\" alt=\"AD Swiss Logistic 48\" loading=\"lazy\" \/>\t\t\t\t\t\t\t\t\t\t\t\t\t\t\t<\/div>\n\t\t\t\t<\/div>\n\t\t<div class=\"elementor-element elementor-element-41973021 e-con-full e-flex sc_layouts_column_icons_position_left e-con e-child\" data-id=\"41973021\" data-element_type=\"container\" data-e-type=\"container\">\n\t\t<div data-animation-type=\"block\" class=\"elementor-element elementor-element-671d72cd e-con-full e-flex sc_layouts_column_icons_position_left animation_type_block elementor-invisible e-con e-child\" data-id=\"671d72cd\" data-element_type=\"container\" data-e-type=\"container\" data-settings=\"{&quot;animation&quot;:&quot;ta_fadeinup&quot;,&quot;animation_delay&quot;:100}\">\n\t\t\t\t<div class=\"elementor-element elementor-element-24e46b7 sc_fly_static elementor-widget elementor-widget-heading\" data-id=\"24e46b7\" data-element_type=\"widget\" data-e-type=\"widget\" data-widget_type=\"heading.default\">\n\t\t\t\t\t<h3 class=\"elementor-heading-title elementor-size-default\">Lieferung<\/h3>\t\t\t\t<\/div>\n\t\t\t\t<div class=\"elementor-element elementor-element-2a608816 sc_fly_static elementor-widget elementor-widget-text-editor\" data-id=\"2a608816\" data-element_type=\"widget\" data-e-type=\"widget\" data-widget_type=\"text-editor.default\">\n\t\t\t\t\t\t\t\t\tAD Swiss Logistics GmbH gew\u00e4hrleistet die sichere Lieferung von M\u00f6beln, Ausstattungen und Waren direkt zum Kunden.\nUnsere Teams achten auf die Einhaltung der vereinbarten Termine und den optimalen Schutz der transportierten G\u00fcter \u2013 sowohl f\u00fcr Privatpersonen als auch f\u00fcr Unternehmen. Jede Lieferung wird sorgf\u00e4ltig organisiert, um einen reibungslosen, effizienten und f\u00fcr den Kunden unkomplizierten Ablauf zu gew\u00e4hrleisten.\t\t\t\t\t\t\t\t<\/div>\n\t\t\t\t<\/div>\n\t\t\t\t<\/div>\n\t\t\t\t\t<\/div>\n\t\t\t\t<\/div>\n\t\t<div class=\"elementor-element elementor-element-4b988fd e-flex e-con-boxed sc_layouts_column_icons_position_left e-con e-parent\" data-id=\"4b988fd\" data-element_type=\"container\" data-e-type=\"container\" data-settings=\"{&quot;background_background&quot;:&quot;classic&quot;}\">\n\t\t\t\t\t<div class=\"e-con-inner\">\n\t\t<div data-animation-type=\"block\" class=\"elementor-element elementor-element-e6e35eb e-con-full e-flex sc_layouts_column_icons_position_left animation_type_block elementor-invisible e-con e-child\" data-id=\"e6e35eb\" data-element_type=\"container\" data-e-type=\"container\" data-settings=\"{&quot;animation&quot;:&quot;ta_fadeinup&quot;}\">\n\t\t<div data-animation-type=\"block\" class=\"elementor-element elementor-element-ae5a4d1 e-con-full e-flex sc_layouts_column_icons_position_left animation_type_block elementor-invisible e-con e-child\" data-id=\"ae5a4d1\" data-element_type=\"container\" data-e-type=\"container\" data-settings=\"{&quot;animation&quot;:&quot;ta_fadeinup&quot;,&quot;animation_delay&quot;:100}\">\n\t\t\t\t<div class=\"elementor-element elementor-element-44bc104 sc_fly_static elementor-widget elementor-widget-heading\" data-id=\"44bc104\" data-element_type=\"widget\" data-e-type=\"widget\" data-widget_type=\"heading.default\">\n\t\t\t\t\t<h3 class=\"elementor-heading-title elementor-size-default\">Montage<\/h3>\t\t\t\t<\/div>\n\t\t\t\t<div class=\"elementor-element elementor-element-63e3351 sc_fly_static elementor-widget elementor-widget-text-editor\" data-id=\"63e3351\" data-element_type=\"widget\" data-e-type=\"widget\" data-widget_type=\"text-editor.default\">\n\t\t\t\t\t\t\t\t\t<p>Die Montage ist ein wesentlicher Schritt, um die Funktionalit\u00e4t und Langlebigkeit der gelieferten Ausstattungen sicherzustellen.<br data-start=\"148\" data-end=\"151\" \/>Unsere qualifizierten Mitarbeitenden \u00fcbernehmen die Montage von M\u00f6beln, K\u00fcchen und verschiedenen Ger\u00e4ten pr\u00e4zise und professionell direkt vor Ort. Besonderes Augenmerk legen wir auf Details, saubere Ausf\u00fchrung und die Einhaltung technischer Vorgaben, um ein Ergebnis zu gew\u00e4hrleisten, das den Erwartungen des Kunden entspricht.<\/p>\t\t\t\t\t\t\t\t<\/div>\n\t\t\t\t<\/div>\n\t\t\t\t<\/div>\n\t\t<div class=\"elementor-element elementor-element-cd5aed8 e-con-full e-flex sc_layouts_column_icons_position_left e-con e-child\" data-id=\"cd5aed8\" data-element_type=\"container\" data-e-type=\"container\">\n\t\t\t\t<div class=\"elementor-element elementor-element-ead2628 sc_fly_static elementor-widget elementor-widget-image\" data-id=\"ead2628\" data-element_type=\"widget\" data-e-type=\"widget\" data-widget_type=\"image.default\">\n\t\t\t\t\t\t\t\t\t\t\t\t\t\t\t<img decoding=\"async\" src=\"https:\/\/adswisslogistics.ch\/wp-content\/uploads\/elementor\/thumbs\/AD-Swiss-Logistic-45-rgv7js5jaa0r0hhpgnvw6u7szl5rd19bdjhk059j9g.jpeg\" title=\"AD Swiss Logistic 45\" alt=\"AD Swiss Logistic 45\" loading=\"lazy\" \/>\t\t\t\t\t\t\t\t\t\t\t\t\t\t\t<\/div>\n\t\t\t\t<\/div>\n\t\t\t\t\t<\/div>\n\t\t\t\t<\/div>\n\t\t<div class=\"elementor-element elementor-element-28e3ba3 e-flex e-con-boxed sc_layouts_column_icons_position_left e-con e-parent\" data-id=\"28e3ba3\" data-element_type=\"container\" data-e-type=\"container\" data-settings=\"{&quot;background_background&quot;:&quot;classic&quot;}\">\n\t\t\t\t\t<div class=\"e-con-inner\">\n\t\t<div data-animation-type=\"block\" class=\"elementor-element elementor-element-3865b7c e-con-full e-flex sc_layouts_column_icons_position_left animation_type_block elementor-invisible e-con e-child\" data-id=\"3865b7c\" data-element_type=\"container\" data-e-type=\"container\" data-settings=\"{&quot;animation&quot;:&quot;ta_fadeinup&quot;}\">\n\t\t\t\t<div class=\"elementor-element elementor-element-dba8199 sc_fly_static elementor-widget elementor-widget-image\" data-id=\"dba8199\" data-element_type=\"widget\" data-e-type=\"widget\" data-widget_type=\"image.default\">\n\t\t\t\t\t\t\t\t\t\t\t\t\t\t\t<img decoding=\"async\" src=\"https:\/\/adswisslogistics.ch\/wp-content\/uploads\/elementor\/thumbs\/AD-Swiss-Logistic-20-rgv7fh25ym4q14f4sc6oiz9r5xmapx572ylctywzaw.jpeg\" title=\"AD Swiss Logistic 20\" alt=\"AD Swiss Logistic 20\" loading=\"lazy\" \/>\t\t\t\t\t\t\t\t\t\t\t\t\t\t\t<\/div>\n\t\t\t\t<\/div>\n\t\t<div class=\"elementor-element elementor-element-c9d3645 e-con-full e-flex sc_layouts_column_icons_position_left e-con e-child\" data-id=\"c9d3645\" data-element_type=\"container\" data-e-type=\"container\">\n\t\t<div data-animation-type=\"block\" class=\"elementor-element elementor-element-79d1ccd e-con-full e-flex sc_layouts_column_icons_position_left animation_type_block elementor-invisible e-con e-child\" data-id=\"79d1ccd\" data-element_type=\"container\" data-e-type=\"container\" data-settings=\"{&quot;animation&quot;:&quot;ta_fadeinup&quot;,&quot;animation_delay&quot;:100}\">\n\t\t\t\t<div class=\"elementor-element elementor-element-5bbc2dd sc_fly_static elementor-widget elementor-widget-heading\" data-id=\"5bbc2dd\" data-element_type=\"widget\" data-e-type=\"widget\" data-widget_type=\"heading.default\">\n\t\t\t\t\t<h3 class=\"elementor-heading-title elementor-size-default\">Demontage<\/h3>\t\t\t\t<\/div>\n\t\t\t\t<div class=\"elementor-element elementor-element-400e58c sc_fly_static elementor-widget elementor-widget-text-editor\" data-id=\"400e58c\" data-element_type=\"widget\" data-e-type=\"widget\" data-widget_type=\"text-editor.default\">\n\t\t\t\t\t\t\t\t\t<p>AD Swiss Logistics GmbH bietet zudem Demontageleistungen f\u00fcr alle Arten von Projekten an \u2013 sei es im Rahmen eines M\u00f6belaustauschs, einer Umgestaltung oder einer R\u00e4umung.<br data-start=\"189\" data-end=\"192\" \/>Unsere Teams f\u00fchren die Demontage methodisch und sicher durch und \u00fcbernehmen auf Wunsch auch die Abholung der demontierten Elemente zur Entsorgung, zum Recycling oder zur Wiederverwendung. Dieser ganzheitliche Ansatz erm\u00f6glicht eine praktische, effiziente und verantwortungsvolle L\u00f6sung.<\/p>\t\t\t\t\t\t\t\t<\/div>\n\t\t\t\t<\/div>\n\t\t\t\t<\/div>\n\t\t\t\t\t<\/div>\n\t\t\t\t<\/div>\n\t\t<div class=\"elementor-element elementor-element-c6a4e68 e-con-full e-grid sc_layouts_column_icons_position_left e-con e-parent\" data-id=\"c6a4e68\" data-element_type=\"container\" data-e-type=\"container\">\n\t\t\t\t<div class=\"elementor-element elementor-element-cd6ceb6 with-hover-on-widget with-bg-elementor-animation-trx_hover_zoom trx-addons-info-box-top sc_fly_static elementor-widget elementor-widget-trx_elm_info_box\" data-id=\"cd6ceb6\" data-element_type=\"widget\" data-e-type=\"widget\" data-settings=\"{&quot;icon_position&quot;:&quot;top&quot;}\" data-widget_type=\"trx_elm_info_box.default\">\n\t\t\t\t<div class=\"elementor-widget-container\">\n\t\t\t\t\t\t\t<div class=\"trx-addons-info-box-container trx-addons-info-box-container-overlay\"><div class=\"trx-addons-info-box-container-bg-imitator-container\"><div class=\"trx-addons-info-box-container-bg-imitator elementor-animation-trx_hover_zoom\"><\/div><\/div><a class=\"trx-addons-info-box-container-link\" href=\"\/de\/umzugsservice\/\"><\/a><div class=\"trx-addons-info-box-overlay\"><\/div><div class=\"trx-addons-info-box\">\n\t\t\t\t\t\t\t\t\t<div class=\"trx-addons-info-box-icon-wrap trx-addons-info-box-icon-type-image\">\t\t<span class=\"trx-addons-info-box-icon trx-addons-icon\">\n\t\t\t<span class=\"trx-addons-info-box-icon-inner\">\n\t\t\t\t\t\t\t<\/span>\n\t\t<\/span>\n\t\t<\/div>\n\t\t\t\t\t\t\t\t<div class=\"trx-addons-info-box-content\">\n\t\t\t\t\t<div class=\"trx-addons-info-box-title-wrap\">\n\t\t\t\t\t\t\t\t\t\t\t\t\t<div class=\"trx-addons-info-box-title-container\">\n\t\t\t\t\t\t\t\t<h4 class=\"trx-addons-info-box-title\">Umzugsservice<\/h4>\n\t\t\t\t\t\t\t<\/div>\n\t\t\t\t\t\t\t\t\t\t\t\t<\/div>\n\n\t\t\t\t\t\n\t\t\t\t\t\t\t\t\t\t\t\t\t\t<\/div>\n\t\t\t<\/div>\n\t\t<\/div>\n\t\t\t\t\t\t<\/div>\n\t\t\t\t<\/div>\n\t\t\t\t<div class=\"elementor-element elementor-element-b0046f7 with-hover-on-widget with-bg-elementor-animation-trx_hover_zoom sc_fly_static elementor-widget elementor-widget-trx_elm_info_box\" data-id=\"b0046f7\" data-element_type=\"widget\" data-e-type=\"widget\" data-widget_type=\"trx_elm_info_box.default\">\n\t\t\t\t<div class=\"elementor-widget-container\">\n\t\t\t\t\t\t\t<div class=\"trx-addons-info-box-container trx-addons-info-box-container-overlay\"><div class=\"trx-addons-info-box-container-bg-imitator-container\"><div class=\"trx-addons-info-box-container-bg-imitator elementor-animation-trx_hover_zoom\"><\/div><\/div><a class=\"trx-addons-info-box-container-link\" href=\"\/de\/reinigungsservice\"><\/a><div class=\"trx-addons-info-box-overlay\"><\/div><div class=\"trx-addons-info-box\">\n\t\t\t\t\t\t\t\t<div class=\"trx-addons-info-box-content\">\n\t\t\t\t\t<div class=\"trx-addons-info-box-title-wrap\">\n\t\t\t\t\t\t\t\t\t\t\t\t\t<div class=\"trx-addons-info-box-title-container\">\n\t\t\t\t\t\t\t\t<h4 class=\"trx-addons-info-box-title\">Reinigungsservice<\/h4>\n\t\t\t\t\t\t\t<\/div>\n\t\t\t\t\t\t\t\t\t\t\t\t<\/div>\n\n\t\t\t\t\t\n\t\t\t\t\t\t\t\t\t\t\t\t\t\t<\/div>\n\t\t\t<\/div>\n\t\t<\/div>\n\t\t\t\t\t\t<\/div>\n\t\t\t\t<\/div>\n\t\t\t\t<div class=\"elementor-element elementor-element-6023603 with-hover-on-widget with-bg-elementor-animation-trx_hover_zoom sc_fly_static elementor-widget elementor-widget-trx_elm_info_box\" data-id=\"6023603\" data-element_type=\"widget\" data-e-type=\"widget\" data-widget_type=\"trx_elm_info_box.default\">\n\t\t\t\t<div class=\"elementor-widget-container\">\n\t\t\t\t\t\t\t<div class=\"trx-addons-info-box-container trx-addons-info-box-container-overlay\"><div class=\"trx-addons-info-box-container-bg-imitator-container\"><div class=\"trx-addons-info-box-container-bg-imitator elementor-animation-trx_hover_zoom\"><\/div><\/div><a class=\"trx-addons-info-box-container-link\" href=\"\/de\/logistiklosungen\/\"><\/a><div class=\"trx-addons-info-box-overlay\"><\/div><div class=\"trx-addons-info-box\">\n\t\t\t\t\t\t\t\t<div class=\"trx-addons-info-box-content\">\n\t\t\t\t\t<div class=\"trx-addons-info-box-title-wrap\">\n\t\t\t\t\t\t\t\t\t\t\t\t\t<div class=\"trx-addons-info-box-title-container\">\n\t\t\t\t\t\t\t\t<h4 class=\"trx-addons-info-box-title\">Logistikl\u00f6sungen<\/h4>\n\t\t\t\t\t\t\t<\/div>\n\t\t\t\t\t\t\t\t\t\t\t\t<\/div>\n\n\t\t\t\t\t\n\t\t\t\t\t\t\t\t\t\t\t\t\t\t<\/div>\n\t\t\t<\/div>\n\t\t<\/div>\n\t\t\t\t\t\t<\/div>\n\t\t\t\t<\/div>\n\t\t\t\t<div class=\"elementor-element elementor-element-5f4d671 with-hover-on-widget with-bg-elementor-animation-trx_hover_zoom sc_fly_static elementor-widget elementor-widget-trx_elm_info_box\" data-id=\"5f4d671\" data-element_type=\"widget\" data-e-type=\"widget\" data-widget_type=\"trx_elm_info_box.default\">\n\t\t\t\t<div class=\"elementor-widget-container\">\n\t\t\t\t\t\t\t<div class=\"trx-addons-info-box-container trx-addons-info-box-container-overlay\"><div class=\"trx-addons-info-box-container-bg-imitator-container\"><div class=\"trx-addons-info-box-container-bg-imitator elementor-animation-trx_hover_zoom\"><\/div><\/div><a class=\"trx-addons-info-box-container-link\" href=\"\/de\/abholung-und-recycling\/\"><\/a><div class=\"trx-addons-info-box-overlay\"><\/div><div class=\"trx-addons-info-box\">\n\t\t\t\t\t\t\t\t<div class=\"trx-addons-info-box-content\">\n\t\t\t\t\t<div class=\"trx-addons-info-box-title-wrap\">\n\t\t\t\t\t\t\t\t\t\t\t\t\t<div class=\"trx-addons-info-box-title-container\">\n\t\t\t\t\t\t\t\t<h4 class=\"trx-addons-info-box-title\">Abholung und Recycling<\/h4>\n\t\t\t\t\t\t\t<\/div>\n\t\t\t\t\t\t\t\t\t\t\t\t<\/div>\n\n\t\t\t\t\t\n\t\t\t\t\t\t\t\t\t\t\t\t\t\t<\/div>\n\t\t\t<\/div>\n\t\t<\/div>\n\t\t\t\t\t\t<\/div>\n\t\t\t\t<\/div>\n\t\t\t\t<\/div>\n\t\t\t\t<\/div>\n\t\t","protected":false},"excerpt":{"rendered":"<p>Lieferung AD Swiss Logistics GmbH gew\u00e4hrleistet die sichere Lieferung von M\u00f6beln, Ausstattungen und&hellip;<\/p>\n","protected":false},"author":1,"featured_media":0,"parent":0,"menu_order":0,"comment_status":"closed","ping_status":"closed","template":"","meta":{"footnotes":""},"class_list":["post-7652","page","type-page","status-publish","hentry"],"yoast_head":"<!-- This site is optimized with the Yoast SEO plugin v27.3 - https:\/\/yoast.com\/product\/yoast-seo-wordpress\/ -->\n<title>Livraison, Montage &amp; D\u00e9montage en Suisse<\/title>\n<meta name=\"description\" content=\"AD Swiss Logistics GmbH propose des services professionnels de livraison, montage et d\u00e9montage de meubles, cuisines et \u00e9quipements partout en Suisse\" \/>\n<meta name=\"robots\" content=\"index, follow, max-snippet:-1, max-image-preview:large, max-video-preview:-1\" \/>\n<link rel=\"canonical\" href=\"https:\/\/adswisslogistics.ch\/de\/lieferung-montage-demontage\/\" \/>\n<meta property=\"og:locale\" content=\"de_DE\" \/>\n<meta property=\"og:type\" content=\"article\" \/>\n<meta property=\"og:title\" content=\"Livraison, Montage &amp; D\u00e9montage en Suisse\" \/>\n<meta property=\"og:description\" content=\"AD Swiss Logistics GmbH propose des services professionnels de livraison, montage et d\u00e9montage de meubles, cuisines et \u00e9quipements partout en Suisse\" \/>\n<meta property=\"og:url\" content=\"https:\/\/adswisslogistics.ch\/de\/lieferung-montage-demontage\/\" \/>\n<meta property=\"og:site_name\" content=\"AD Swiss Logistics GmbH\" \/>\n<meta property=\"article:modified_time\" content=\"2026-01-05T00:41:05+00:00\" \/>\n<meta property=\"og:image\" content=\"https:\/\/adswisslogistics.ch\/wp-content\/uploads\/elementor\/thumbs\/AD-Swiss-Logistic-48-rgv7kglc7yy7eci7hyg6zo1sfltax5yc4wg6hc9aro.jpeg\" \/>\n<meta name=\"twitter:card\" content=\"summary_large_image\" \/>\n<meta name=\"twitter:label1\" content=\"Gesch\u00e4tzte Lesezeit\" \/>\n\t<meta name=\"twitter:data1\" content=\"1\u00a0Minute\" \/>\n<script type=\"application\/ld+json\" class=\"yoast-schema-graph\">{\"@context\":\"https:\\\/\\\/schema.org\",\"@graph\":[{\"@type\":\"WebPage\",\"@id\":\"https:\\\/\\\/adswisslogistics.ch\\\/de\\\/lieferung-montage-demontage\\\/\",\"url\":\"https:\\\/\\\/adswisslogistics.ch\\\/de\\\/lieferung-montage-demontage\\\/\",\"name\":\"Livraison, Montage & D\u00e9montage en Suisse\",\"isPartOf\":{\"@id\":\"https:\\\/\\\/adswisslogistics.ch\\\/#website\"},\"primaryImageOfPage\":{\"@id\":\"https:\\\/\\\/adswisslogistics.ch\\\/de\\\/lieferung-montage-demontage\\\/#primaryimage\"},\"image\":{\"@id\":\"https:\\\/\\\/adswisslogistics.ch\\\/de\\\/lieferung-montage-demontage\\\/#primaryimage\"},\"thumbnailUrl\":\"https:\\\/\\\/adswisslogistics.ch\\\/wp-content\\\/uploads\\\/elementor\\\/thumbs\\\/AD-Swiss-Logistic-48-rgv7kglc7yy7eci7hyg6zo1sfltax5yc4wg6hc9aro.jpeg\",\"datePublished\":\"2025-12-28T16:15:38+00:00\",\"dateModified\":\"2026-01-05T00:41:05+00:00\",\"description\":\"AD Swiss Logistics GmbH propose des services professionnels de livraison, montage et d\u00e9montage de meubles, cuisines et \u00e9quipements partout en Suisse\",\"breadcrumb\":{\"@id\":\"https:\\\/\\\/adswisslogistics.ch\\\/de\\\/lieferung-montage-demontage\\\/#breadcrumb\"},\"inLanguage\":\"de\",\"potentialAction\":[{\"@type\":\"ReadAction\",\"target\":[\"https:\\\/\\\/adswisslogistics.ch\\\/de\\\/lieferung-montage-demontage\\\/\"]}]},{\"@type\":\"ImageObject\",\"inLanguage\":\"de\",\"@id\":\"https:\\\/\\\/adswisslogistics.ch\\\/de\\\/lieferung-montage-demontage\\\/#primaryimage\",\"url\":\"https:\\\/\\\/adswisslogistics.ch\\\/wp-content\\\/uploads\\\/elementor\\\/thumbs\\\/AD-Swiss-Logistic-48-rgv7kglc7yy7eci7hyg6zo1sfltax5yc4wg6hc9aro.jpeg\",\"contentUrl\":\"https:\\\/\\\/adswisslogistics.ch\\\/wp-content\\\/uploads\\\/elementor\\\/thumbs\\\/AD-Swiss-Logistic-48-rgv7kglc7yy7eci7hyg6zo1sfltax5yc4wg6hc9aro.jpeg\"},{\"@type\":\"BreadcrumbList\",\"@id\":\"https:\\\/\\\/adswisslogistics.ch\\\/de\\\/lieferung-montage-demontage\\\/#breadcrumb\",\"itemListElement\":[{\"@type\":\"ListItem\",\"position\":1,\"name\":\"Home\",\"item\":\"https:\\\/\\\/adswisslogistics.ch\\\/de\\\/\"},{\"@type\":\"ListItem\",\"position\":2,\"name\":\"Lieferung \\\/ montage \\\/ demontage\"}]},{\"@type\":\"WebSite\",\"@id\":\"https:\\\/\\\/adswisslogistics.ch\\\/#website\",\"url\":\"https:\\\/\\\/adswisslogistics.ch\\\/\",\"name\":\"AD Swiss Logistics GmbH\",\"description\":\"Logistique &amp; nettoyage en Suisse\",\"publisher\":{\"@id\":\"https:\\\/\\\/adswisslogistics.ch\\\/#organization\"},\"potentialAction\":[{\"@type\":\"SearchAction\",\"target\":{\"@type\":\"EntryPoint\",\"urlTemplate\":\"https:\\\/\\\/adswisslogistics.ch\\\/?s={search_term_string}\"},\"query-input\":{\"@type\":\"PropertyValueSpecification\",\"valueRequired\":true,\"valueName\":\"search_term_string\"}}],\"inLanguage\":\"de\"},{\"@type\":\"Organization\",\"@id\":\"https:\\\/\\\/adswisslogistics.ch\\\/#organization\",\"name\":\"AD Swiss Logistics GmbH\",\"url\":\"https:\\\/\\\/adswisslogistics.ch\\\/\",\"logo\":{\"@type\":\"ImageObject\",\"inLanguage\":\"de\",\"@id\":\"https:\\\/\\\/adswisslogistics.ch\\\/#\\\/schema\\\/logo\\\/image\\\/\",\"url\":\"https:\\\/\\\/adswisslogistics.ch\\\/wp-content\\\/uploads\\\/2025\\\/12\\\/A1.png\",\"contentUrl\":\"https:\\\/\\\/adswisslogistics.ch\\\/wp-content\\\/uploads\\\/2025\\\/12\\\/A1.png\",\"width\":872,\"height\":260,\"caption\":\"AD Swiss Logistics GmbH\"},\"image\":{\"@id\":\"https:\\\/\\\/adswisslogistics.ch\\\/#\\\/schema\\\/logo\\\/image\\\/\"}}]}<\/script>\n<!-- \/ Yoast SEO plugin. -->","yoast_head_json":{"title":"Livraison, Montage & D\u00e9montage en Suisse","description":"AD Swiss Logistics GmbH propose des services professionnels de livraison, montage et d\u00e9montage de meubles, cuisines et \u00e9quipements partout en Suisse","robots":{"index":"index","follow":"follow","max-snippet":"max-snippet:-1","max-image-preview":"max-image-preview:large","max-video-preview":"max-video-preview:-1"},"canonical":"https:\/\/adswisslogistics.ch\/de\/lieferung-montage-demontage\/","og_locale":"de_DE","og_type":"article","og_title":"Livraison, Montage & D\u00e9montage en Suisse","og_description":"AD Swiss Logistics GmbH propose des services professionnels de livraison, montage et d\u00e9montage de meubles, cuisines et \u00e9quipements partout en Suisse","og_url":"https:\/\/adswisslogistics.ch\/de\/lieferung-montage-demontage\/","og_site_name":"AD Swiss Logistics GmbH","article_modified_time":"2026-01-05T00:41:05+00:00","og_image":[{"url":"https:\/\/adswisslogistics.ch\/wp-content\/uploads\/elementor\/thumbs\/AD-Swiss-Logistic-48-rgv7kglc7yy7eci7hyg6zo1sfltax5yc4wg6hc9aro.jpeg","type":"","width":"","height":""}],"twitter_card":"summary_large_image","twitter_misc":{"Gesch\u00e4tzte Lesezeit":"1\u00a0Minute"},"schema":{"@context":"https:\/\/schema.org","@graph":[{"@type":"WebPage","@id":"https:\/\/adswisslogistics.ch\/de\/lieferung-montage-demontage\/","url":"https:\/\/adswisslogistics.ch\/de\/lieferung-montage-demontage\/","name":"Livraison, Montage & D\u00e9montage en Suisse","isPartOf":{"@id":"https:\/\/adswisslogistics.ch\/#website"},"primaryImageOfPage":{"@id":"https:\/\/adswisslogistics.ch\/de\/lieferung-montage-demontage\/#primaryimage"},"image":{"@id":"https:\/\/adswisslogistics.ch\/de\/lieferung-montage-demontage\/#primaryimage"},"thumbnailUrl":"https:\/\/adswisslogistics.ch\/wp-content\/uploads\/elementor\/thumbs\/AD-Swiss-Logistic-48-rgv7kglc7yy7eci7hyg6zo1sfltax5yc4wg6hc9aro.jpeg","datePublished":"2025-12-28T16:15:38+00:00","dateModified":"2026-01-05T00:41:05+00:00","description":"AD Swiss Logistics GmbH propose des services professionnels de livraison, montage et d\u00e9montage de meubles, cuisines et \u00e9quipements partout en Suisse","breadcrumb":{"@id":"https:\/\/adswisslogistics.ch\/de\/lieferung-montage-demontage\/#breadcrumb"},"inLanguage":"de","potentialAction":[{"@type":"ReadAction","target":["https:\/\/adswisslogistics.ch\/de\/lieferung-montage-demontage\/"]}]},{"@type":"ImageObject","inLanguage":"de","@id":"https:\/\/adswisslogistics.ch\/de\/lieferung-montage-demontage\/#primaryimage","url":"https:\/\/adswisslogistics.ch\/wp-content\/uploads\/elementor\/thumbs\/AD-Swiss-Logistic-48-rgv7kglc7yy7eci7hyg6zo1sfltax5yc4wg6hc9aro.jpeg","contentUrl":"https:\/\/adswisslogistics.ch\/wp-content\/uploads\/elementor\/thumbs\/AD-Swiss-Logistic-48-rgv7kglc7yy7eci7hyg6zo1sfltax5yc4wg6hc9aro.jpeg"},{"@type":"BreadcrumbList","@id":"https:\/\/adswisslogistics.ch\/de\/lieferung-montage-demontage\/#breadcrumb","itemListElement":[{"@type":"ListItem","position":1,"name":"Home","item":"https:\/\/adswisslogistics.ch\/de\/"},{"@type":"ListItem","position":2,"name":"Lieferung \/ montage \/ demontage"}]},{"@type":"WebSite","@id":"https:\/\/adswisslogistics.ch\/#website","url":"https:\/\/adswisslogistics.ch\/","name":"AD Swiss Logistics GmbH","description":"Logistique &amp; nettoyage en Suisse","publisher":{"@id":"https:\/\/adswisslogistics.ch\/#organization"},"potentialAction":[{"@type":"SearchAction","target":{"@type":"EntryPoint","urlTemplate":"https:\/\/adswisslogistics.ch\/?s={search_term_string}"},"query-input":{"@type":"PropertyValueSpecification","valueRequired":true,"valueName":"search_term_string"}}],"inLanguage":"de"},{"@type":"Organization","@id":"https:\/\/adswisslogistics.ch\/#organization","name":"AD Swiss Logistics GmbH","url":"https:\/\/adswisslogistics.ch\/","logo":{"@type":"ImageObject","inLanguage":"de","@id":"https:\/\/adswisslogistics.ch\/#\/schema\/logo\/image\/","url":"https:\/\/adswisslogistics.ch\/wp-content\/uploads\/2025\/12\/A1.png","contentUrl":"https:\/\/adswisslogistics.ch\/wp-content\/uploads\/2025\/12\/A1.png","width":872,"height":260,"caption":"AD Swiss Logistics GmbH"},"image":{"@id":"https:\/\/adswisslogistics.ch\/#\/schema\/logo\/image\/"}}]}},"_links":{"self":[{"href":"https:\/\/adswisslogistics.ch\/de\/wp-json\/wp\/v2\/pages\/7652","targetHints":{"allow":["GET"]}}],"collection":[{"href":"https:\/\/adswisslogistics.ch\/de\/wp-json\/wp\/v2\/pages"}],"about":[{"href":"https:\/\/adswisslogistics.ch\/de\/wp-json\/wp\/v2\/types\/page"}],"author":[{"embeddable":true,"href":"https:\/\/adswisslogistics.ch\/de\/wp-json\/wp\/v2\/users\/1"}],"replies":[{"embeddable":true,"href":"https:\/\/adswisslogistics.ch\/de\/wp-json\/wp\/v2\/comments?post=7652"}],"version-history":[{"count":4,"href":"https:\/\/adswisslogistics.ch\/de\/wp-json\/wp\/v2\/pages\/7652\/revisions"}],"predecessor-version":[{"id":7657,"href":"https:\/\/adswisslogistics.ch\/de\/wp-json\/wp\/v2\/pages\/7652\/revisions\/7657"}],"wp:attachment":[{"href":"https:\/\/adswisslogistics.ch\/de\/wp-json\/wp\/v2\/media?parent=7652"}],"curies":[{"name":"wp","href":"https:\/\/api.w.org\/{rel}","templated":true}]}}